{"id":1163,"date":"2019-10-27T23:25:21","date_gmt":"2019-10-27T23:25:21","guid":{"rendered":"http:\/\/www.cmfp1.edu.ar\/?page_id=1163"},"modified":"2023-03-21T23:47:54","modified_gmt":"2023-03-21T23:47:54","slug":"auxiliar-odontologico","status":"publish","type":"page","link":"https:\/\/www.cmfp1.edu.ar\/?page_id=1163","title":{"rendered":"AUXILIAR ODONTOL\u00d3GICO"},"content":{"rendered":"<p><strong>Duraci\u00f3n:<\/strong><\/p>\n<ul>\n<li>1 A\u00f1o.<\/li>\n<\/ul>\n<p><strong>Contenidos:<\/strong><\/p>\n<ul>\n<li>Contextualizaci\u00f3n del campo profesional.<\/li>\n<li>Promoci\u00f3n y prevenci\u00f3n de la salud bucal.<\/li>\n<li>Asistencia odontol\u00f3gica.<\/li>\n<li>Gesti\u00f3n de los servicios odontol\u00f3gicos.<\/li>\n<li>Practicas profesionalizantes (consultorios privados y de la salud p\u00fablica).<\/li>\n<\/ul>\n<p><strong>Requisitos:<\/strong><\/p>\n<ul>\n<li>Ciclo Secundario Completo.<\/li>\n<\/ul>\n<p><strong>Horario:<\/strong><\/p>\n<p>Martes y viernes<\/p>\n<p>TM:8:00 A 12:10<\/p>\n<p>TN:18:00 A 22:10<\/p>\n<p>&nbsp;<\/p>\n<p>&nbsp;<\/p>\n","protected":false},"excerpt":{"rendered":"<p>Duraci\u00f3n: 1 A\u00f1o. Contenidos: Contextualizaci\u00f3n del campo profesional. Promoci\u00f3n y prevenci\u00f3n de la salud bucal. Asistencia odontol\u00f3gica. Gesti\u00f3n de los servicios odontol\u00f3gicos. Practicas profesionalizantes (consultorios privados y de la salud p\u00fablica). Requisitos: Ciclo Secundario Completo. Horario: Martes y viernes TM:8:00 A 12:10 TN:18:00 A 22:10 &nbsp; &nbsp;<\/p>\n","protected":false},"author":1,"featured_media":0,"parent":0,"menu_order":0,"comment_status":"closed","ping_status":"closed","template":"","meta":{"footnotes":""},"class_list":["post-1163","page","type-page","status-publish","hentry"],"_links":{"self":[{"href":"https:\/\/www.cmfp1.edu.ar\/index.php?rest_route=\/wp\/v2\/pages\/1163","targetHints":{"allow":["GET"]}}],"collection":[{"href":"https:\/\/www.cmfp1.edu.ar\/index.php?rest_route=\/wp\/v2\/pages"}],"about":[{"href":"https:\/\/www.cmfp1.edu.ar\/index.php?rest_route=\/wp\/v2\/types\/page"}],"author":[{"embeddable":true,"href":"https:\/\/www.cmfp1.edu.ar\/index.php?rest_route=\/wp\/v2\/users\/1"}],"replies":[{"embeddable":true,"href":"https:\/\/www.cmfp1.edu.ar\/index.php?rest_route=%2Fwp%2Fv2%2Fcomments&post=1163"}],"version-history":[{"count":5,"href":"https:\/\/www.cmfp1.edu.ar\/index.php?rest_route=\/wp\/v2\/pages\/1163\/revisions"}],"predecessor-version":[{"id":1453,"href":"https:\/\/www.cmfp1.edu.ar\/index.php?rest_route=\/wp\/v2\/pages\/1163\/revisions\/1453"}],"wp:attachment":[{"href":"https:\/\/www.cmfp1.edu.ar\/index.php?rest_route=%2Fwp%2Fv2%2Fmedia&parent=1163"}],"curies":[{"name":"wp","href":"https:\/\/api.w.org\/{rel}","templated":true}]}}