{"id":1335,"date":"2021-07-12T17:42:04","date_gmt":"2021-07-12T17:42:04","guid":{"rendered":"http:\/\/www.cmfp1.edu.ar\/?page_id=1335"},"modified":"2023-03-21T23:53:36","modified_gmt":"2023-03-21T23:53:36","slug":"maquillaje","status":"publish","type":"page","link":"https:\/\/www.cmfp1.edu.ar\/?page_id=1335","title":{"rendered":"MAQUILLAJE PROFESIONAL"},"content":{"rendered":"<p>Contenidos:<\/p>\n<ul>\n<li>Piel y Anexos Cut\u00e1neos.<\/li>\n<li>Gesti\u00f3n del proceso de trabajo en est\u00e9tica profesional.<\/li>\n<li>Maquillaje Social.<\/li>\n<li>Maquillaje Art\u00edstico.<\/li>\n<li>Maquillaje en Moda, Fotograf\u00eda y producci\u00f3n Audiovisual.<\/li>\n<\/ul>\n<p>D\u00edas y horarios:\u00a0Lunes, martes y viernes 8:30 a 12:10<\/p>\n<p>Ver el Dise\u00f1o Curricular\u00a0<a href=\"http:\/\/proyectoescuela.esy.es\/wp-content\/uploads\/2021\/07\/1809.20-DC-\u201cMAQUILLADORA-PROFESIONAL.pdf\" target=\"_blank\" rel=\"noopener\">Click aqu\u00ed<\/a><\/p>\n","protected":false},"excerpt":{"rendered":"<p>Contenidos: Piel y Anexos Cut\u00e1neos. Gesti\u00f3n del proceso de trabajo en est\u00e9tica profesional. Maquillaje Social. Maquillaje Art\u00edstico. Maquillaje en Moda, Fotograf\u00eda y producci\u00f3n Audiovisual. D\u00edas y horarios:\u00a0Lunes, martes y viernes 8:30 a 12:10 Ver el Dise\u00f1o Curricular\u00a0Click aqu\u00ed<\/p>\n","protected":false},"author":1,"featured_media":0,"parent":0,"menu_order":0,"comment_status":"closed","ping_status":"closed","template":"","meta":{"footnotes":""},"class_list":["post-1335","page","type-page","status-publish","hentry"],"_links":{"self":[{"href":"https:\/\/www.cmfp1.edu.ar\/index.php?rest_route=\/wp\/v2\/pages\/1335","targetHints":{"allow":["GET"]}}],"collection":[{"href":"https:\/\/www.cmfp1.edu.ar\/index.php?rest_route=\/wp\/v2\/pages"}],"about":[{"href":"https:\/\/www.cmfp1.edu.ar\/index.php?rest_route=\/wp\/v2\/types\/page"}],"author":[{"embeddable":true,"href":"https:\/\/www.cmfp1.edu.ar\/index.php?rest_route=\/wp\/v2\/users\/1"}],"replies":[{"embeddable":true,"href":"https:\/\/www.cmfp1.edu.ar\/index.php?rest_route=%2Fwp%2Fv2%2Fcomments&post=1335"}],"version-history":[{"count":4,"href":"https:\/\/www.cmfp1.edu.ar\/index.php?rest_route=\/wp\/v2\/pages\/1335\/revisions"}],"predecessor-version":[{"id":1459,"href":"https:\/\/www.cmfp1.edu.ar\/index.php?rest_route=\/wp\/v2\/pages\/1335\/revisions\/1459"}],"wp:attachment":[{"href":"https:\/\/www.cmfp1.edu.ar\/index.php?rest_route=%2Fwp%2Fv2%2Fmedia&parent=1335"}],"curies":[{"name":"wp","href":"https:\/\/api.w.org\/{rel}","templated":true}]}}