{"id":1340,"date":"2021-07-12T18:06:51","date_gmt":"2021-07-12T18:06:51","guid":{"rendered":"http:\/\/www.cmfp1.edu.ar\/?page_id=1340"},"modified":"2021-07-12T18:11:08","modified_gmt":"2021-07-12T18:11:08","slug":"instalador-y-reparador-de-equipos-de-climatizacion","status":"publish","type":"page","link":"https:\/\/www.cmfp1.edu.ar\/?page_id=1340","title":{"rendered":"INSTALADOR Y REPARADOR DE EQUIPOS DE CLIMATIZACI\u00d3N"},"content":{"rendered":"<p><span class=\"fontstyle0\">El Instalador y Reparador de Equipos de Climatizaci\u00f3n est\u00e1 capacitado, de acuerdo con las\u00a0actividades que se desarrollan en este perfil para atender al cliente, gestionar el servicio de\u00a0reparaci\u00f3n y\/o mantenimiento de acondicionadores de aire hasta 7 kW, ejecutando el<br \/>\nproceso de montaje e instalaci\u00f3n, diagn\u00f3stico, reparaci\u00f3n y mantenimiento del equipo,\u00a0operando instrumentos y equipos de medici\u00f3n.<\/span><\/p>\n<p><span class=\"fontstyle0\">El Instalador y reparador de equipos de climatizaci\u00f3n trabaja con autonom\u00eda profesional,\u00a0responsabiliz\u00e1ndose de la calidad de la instalaci\u00f3n y mantenimiento, preventivo y correctivo,\u00a0de dichos equipos.<\/span><\/p>\n<p><span class=\"fontstyle0\">Est\u00e1 en condiciones de conducir equipos de trabajo y dirigir emprendimientos de peque\u00f1a\u00a0o mediana envergadura, de servicios propios de su campo profesional, respetando las\u00a0normas de calidad, higiene y seguridad personal y ambiental.<\/span><\/p>\n<p>Ver el Dise\u00f1o Curricular <a href=\"http:\/\/proyectoescuela.esy.es\/wp-content\/uploads\/2021\/07\/1808.20-DC-\u201cINSTALADOR-Y-REPARADOR-DE-EQUIPOS-DE-CLIMATIZACI\u00d3N\u201d.pdf\" target=\"_blank\" rel=\"noopener\">Click aqu\u00ed.<\/a><\/p>\n","protected":false},"excerpt":{"rendered":"<p>El Instalador y Reparador de Equipos de Climatizaci\u00f3n est\u00e1 capacitado, de acuerdo con las\u00a0actividades que se desarrollan en este perfil para atender al cliente, gestionar el servicio de\u00a0reparaci\u00f3n y\/o mantenimiento de acondicionadores de aire hasta 7 kW, ejecutando el proceso de montaje e instalaci\u00f3n, diagn\u00f3stico, reparaci\u00f3n y mantenimiento del equipo,\u00a0operando instrumentos y equipos de medici\u00f3n.<\/p>\n","protected":false},"author":1,"featured_media":0,"parent":0,"menu_order":0,"comment_status":"closed","ping_status":"closed","template":"","meta":{"footnotes":""},"class_list":["post-1340","page","type-page","status-publish","hentry"],"_links":{"self":[{"href":"https:\/\/www.cmfp1.edu.ar\/index.php?rest_route=\/wp\/v2\/pages\/1340","targetHints":{"allow":["GET"]}}],"collection":[{"href":"https:\/\/www.cmfp1.edu.ar\/index.php?rest_route=\/wp\/v2\/pages"}],"about":[{"href":"https:\/\/www.cmfp1.edu.ar\/index.php?rest_route=\/wp\/v2\/types\/page"}],"author":[{"embeddable":true,"href":"https:\/\/www.cmfp1.edu.ar\/index.php?rest_route=\/wp\/v2\/users\/1"}],"replies":[{"embeddable":true,"href":"https:\/\/www.cmfp1.edu.ar\/index.php?rest_route=%2Fwp%2Fv2%2Fcomments&post=1340"}],"version-history":[{"count":1,"href":"https:\/\/www.cmfp1.edu.ar\/index.php?rest_route=\/wp\/v2\/pages\/1340\/revisions"}],"predecessor-version":[{"id":1342,"href":"https:\/\/www.cmfp1.edu.ar\/index.php?rest_route=\/wp\/v2\/pages\/1340\/revisions\/1342"}],"wp:attachment":[{"href":"https:\/\/www.cmfp1.edu.ar\/index.php?rest_route=%2Fwp%2Fv2%2Fmedia&parent=1340"}],"curies":[{"name":"wp","href":"https:\/\/api.w.org\/{rel}","templated":true}]}}