{"id":1369,"date":"2021-11-08T02:48:33","date_gmt":"2021-11-08T02:48:33","guid":{"rendered":"http:\/\/www.cmfp1.edu.ar\/?page_id=1369"},"modified":"2023-03-21T23:38:30","modified_gmt":"2023-03-21T23:38:30","slug":"capacitacion-en-manicura","status":"publish","type":"page","link":"https:\/\/www.cmfp1.edu.ar\/?page_id=1369","title":{"rendered":"CAPACITACI\u00d3N EN MANICURA"},"content":{"rendered":"<p><strong>Contenidos:<\/strong><\/p>\n<ul>\n<li>Pasos de una atenci\u00f3n b\u00e1sica.<\/li>\n<li>Presentaci\u00f3n de gabinete.<\/li>\n<li>Asepsia.<\/li>\n<li>Esmaltado.<\/li>\n<li>T\u00e9cnicas.<\/li>\n<li>U\u00f1as decoradas.<\/li>\n<li>Dise\u00f1os.<\/li>\n<li>Onicopat\u00edas.<\/li>\n<li>Tratamientos de belleza de manos.<\/li>\n<\/ul>\n<p><strong>D\u00edas y horarios de cursada:<\/strong><\/p>\n<p>Mi\u00e9rcoles 8:30 a 12:10<\/p>\n","protected":false},"excerpt":{"rendered":"<p>Contenidos: Pasos de una atenci\u00f3n b\u00e1sica. Presentaci\u00f3n de gabinete. Asepsia. Esmaltado. T\u00e9cnicas. U\u00f1as decoradas. Dise\u00f1os. Onicopat\u00edas. Tratamientos de belleza de manos. D\u00edas y horarios de cursada: Mi\u00e9rcoles 8:30 a 12:10<\/p>\n","protected":false},"author":1,"featured_media":0,"parent":0,"menu_order":0,"comment_status":"closed","ping_status":"closed","template":"","meta":{"footnotes":""},"class_list":["post-1369","page","type-page","status-publish","hentry"],"_links":{"self":[{"href":"https:\/\/www.cmfp1.edu.ar\/index.php?rest_route=\/wp\/v2\/pages\/1369","targetHints":{"allow":["GET"]}}],"collection":[{"href":"https:\/\/www.cmfp1.edu.ar\/index.php?rest_route=\/wp\/v2\/pages"}],"about":[{"href":"https:\/\/www.cmfp1.edu.ar\/index.php?rest_route=\/wp\/v2\/types\/page"}],"author":[{"embeddable":true,"href":"https:\/\/www.cmfp1.edu.ar\/index.php?rest_route=\/wp\/v2\/users\/1"}],"replies":[{"embeddable":true,"href":"https:\/\/www.cmfp1.edu.ar\/index.php?rest_route=%2Fwp%2Fv2%2Fcomments&post=1369"}],"version-history":[{"count":8,"href":"https:\/\/www.cmfp1.edu.ar\/index.php?rest_route=\/wp\/v2\/pages\/1369\/revisions"}],"predecessor-version":[{"id":1449,"href":"https:\/\/www.cmfp1.edu.ar\/index.php?rest_route=\/wp\/v2\/pages\/1369\/revisions\/1449"}],"wp:attachment":[{"href":"https:\/\/www.cmfp1.edu.ar\/index.php?rest_route=%2Fwp%2Fv2%2Fmedia&parent=1369"}],"curies":[{"name":"wp","href":"https:\/\/api.w.org\/{rel}","templated":true}]}}