{"id":1464,"date":"2023-03-22T00:00:46","date_gmt":"2023-03-22T00:00:46","guid":{"rendered":"http:\/\/www.cmfp1.edu.ar\/?page_id=1464"},"modified":"2023-03-22T00:00:46","modified_gmt":"2023-03-22T00:00:46","slug":"reparador-de-maquinarias-y-herramientas","status":"publish","type":"page","link":"https:\/\/www.cmfp1.edu.ar\/?page_id=1464","title":{"rendered":"REPARADOR DE MAQUINARIAS Y HERRAMIENTAS"},"content":{"rendered":"<p>Duraci\u00f3n: 1 A\u00f1o<\/p>\n<p>Requisito: Primario completo.<\/p>\n<p>Contenidos:\u00a0Reparaci\u00f3n y mantenimiento de maquinas y herramientas de la construcci\u00f3n.<\/p>\n<p>D\u00edas y horarios:\u00a0Lunes y viernes 18:00 a 22:10<\/p>\n","protected":false},"excerpt":{"rendered":"<p>Duraci\u00f3n: 1 A\u00f1o Requisito: Primario completo. Contenidos:\u00a0Reparaci\u00f3n y mantenimiento de maquinas y herramientas de la construcci\u00f3n. D\u00edas y horarios:\u00a0Lunes y viernes 18:00 a 22:10<\/p>\n","protected":false},"author":1,"featured_media":0,"parent":0,"menu_order":0,"comment_status":"closed","ping_status":"closed","template":"","meta":{"footnotes":""},"class_list":["post-1464","page","type-page","status-publish","hentry"],"_links":{"self":[{"href":"https:\/\/www.cmfp1.edu.ar\/index.php?rest_route=\/wp\/v2\/pages\/1464","targetHints":{"allow":["GET"]}}],"collection":[{"href":"https:\/\/www.cmfp1.edu.ar\/index.php?rest_route=\/wp\/v2\/pages"}],"about":[{"href":"https:\/\/www.cmfp1.edu.ar\/index.php?rest_route=\/wp\/v2\/types\/page"}],"author":[{"embeddable":true,"href":"https:\/\/www.cmfp1.edu.ar\/index.php?rest_route=\/wp\/v2\/users\/1"}],"replies":[{"embeddable":true,"href":"https:\/\/www.cmfp1.edu.ar\/index.php?rest_route=%2Fwp%2Fv2%2Fcomments&post=1464"}],"version-history":[{"count":1,"href":"https:\/\/www.cmfp1.edu.ar\/index.php?rest_route=\/wp\/v2\/pages\/1464\/revisions"}],"predecessor-version":[{"id":1465,"href":"https:\/\/www.cmfp1.edu.ar\/index.php?rest_route=\/wp\/v2\/pages\/1464\/revisions\/1465"}],"wp:attachment":[{"href":"https:\/\/www.cmfp1.edu.ar\/index.php?rest_route=%2Fwp%2Fv2%2Fmedia&parent=1464"}],"curies":[{"name":"wp","href":"https:\/\/api.w.org\/{rel}","templated":true}]}}