{"id":1469,"date":"2023-03-22T00:04:54","date_gmt":"2023-03-22T00:04:54","guid":{"rendered":"http:\/\/www.cmfp1.edu.ar\/?page_id=1469"},"modified":"2023-03-22T00:04:54","modified_gmt":"2023-03-22T00:04:54","slug":"herrero-2","status":"publish","type":"page","link":"https:\/\/www.cmfp1.edu.ar\/?page_id=1469","title":{"rendered":"HERRERO"},"content":{"rendered":"<p>Duraci\u00f3n: 1 A\u00f1o<\/p>\n<p>Requisito: Primario completo.<\/p>\n<p>Contenidos:\u00a0Tratamiento y corte del material. Administraci\u00f3n de la documentaci\u00f3n t\u00e9cnica. Soldadura manual con electrodo revestido. Soldadura para espesores finos. Fabricaci\u00f3n de productos de herrer\u00eda.<\/p>\n<p>D\u00edas y horarios:\u00a0Martes y jueves 18:00 a 22:10<\/p>\n","protected":false},"excerpt":{"rendered":"<p>Duraci\u00f3n: 1 A\u00f1o Requisito: Primario completo. Contenidos:\u00a0Tratamiento y corte del material. Administraci\u00f3n de la documentaci\u00f3n t\u00e9cnica. Soldadura manual con electrodo revestido. Soldadura para espesores finos. Fabricaci\u00f3n de productos de herrer\u00eda. D\u00edas y horarios:\u00a0Martes y jueves 18:00 a 22:10<\/p>\n","protected":false},"author":1,"featured_media":0,"parent":0,"menu_order":0,"comment_status":"closed","ping_status":"closed","template":"","meta":{"footnotes":""},"class_list":["post-1469","page","type-page","status-publish","hentry"],"_links":{"self":[{"href":"https:\/\/www.cmfp1.edu.ar\/index.php?rest_route=\/wp\/v2\/pages\/1469","targetHints":{"allow":["GET"]}}],"collection":[{"href":"https:\/\/www.cmfp1.edu.ar\/index.php?rest_route=\/wp\/v2\/pages"}],"about":[{"href":"https:\/\/www.cmfp1.edu.ar\/index.php?rest_route=\/wp\/v2\/types\/page"}],"author":[{"embeddable":true,"href":"https:\/\/www.cmfp1.edu.ar\/index.php?rest_route=\/wp\/v2\/users\/1"}],"replies":[{"embeddable":true,"href":"https:\/\/www.cmfp1.edu.ar\/index.php?rest_route=%2Fwp%2Fv2%2Fcomments&post=1469"}],"version-history":[{"count":1,"href":"https:\/\/www.cmfp1.edu.ar\/index.php?rest_route=\/wp\/v2\/pages\/1469\/revisions"}],"predecessor-version":[{"id":1470,"href":"https:\/\/www.cmfp1.edu.ar\/index.php?rest_route=\/wp\/v2\/pages\/1469\/revisions\/1470"}],"wp:attachment":[{"href":"https:\/\/www.cmfp1.edu.ar\/index.php?rest_route=%2Fwp%2Fv2%2Fmedia&parent=1469"}],"curies":[{"name":"wp","href":"https:\/\/api.w.org\/{rel}","templated":true}]}}