{"id":23,"date":"2015-06-08T02:52:38","date_gmt":"2015-06-08T02:52:38","guid":{"rendered":"http:\/\/proyectoescuela.esy.es\/?page_id=23"},"modified":"2023-03-22T00:20:06","modified_gmt":"2023-03-22T00:20:06","slug":"diseno-de-paginas-web","status":"publish","type":"page","link":"https:\/\/www.cmfp1.edu.ar\/?page_id=23","title":{"rendered":"DISE\u00d1O DE PAGINAS WEB"},"content":{"rendered":"<p><strong>Duraci\u00f3n:<\/strong><\/p>\n<ul>\n<li>1 Cuatrimestre<\/li>\n<\/ul>\n<p><strong>Contenidos<\/strong><\/p>\n<ul>\n<li>Creaci\u00f3n de p\u00e1ginas WEB con CMS WordPress.<\/li>\n<li>Registro de dominios en Nic.ar.<\/li>\n<li>Contrataci\u00f3n de WEB Hosting.<\/li>\n<li>Nociones de maquetaci\u00f3n HTML.<\/li>\n<\/ul>\n<p><strong>Requisitos:<\/strong><\/p>\n<ul>\n<li>Ciclo B\u00e1sico de secundaria.<\/li>\n<\/ul>\n<p><strong>Requisitos especiales:<\/strong><\/p>\n<ul>\n<li>\u00a0Manejo de Microsoft Windows:\n<ul>\n<li>Utilizaci\u00f3n de ventanas y men\u00fas.<\/li>\n<\/ul>\n<ul>\n<li>Administraci\u00f3n de carpetas y archivos (crear, copiar, pegar y eliminar).<\/li>\n<\/ul>\n<ul>\n<li>Utilizaci\u00f3n del Explorador de Windows y Pai<\/li>\n<\/ul>\n<ul>\n<li>Compresi\u00f3n\u00a0 descompresi\u00f3n de archivos con WINZIP o similar<\/li>\n<\/ul>\n<\/li>\n<\/ul>\n<ul>\n<li>Manejo de Microsoft Word o similar:\n<ul>\n<li>Creaci\u00f3n de documentos<\/li>\n<li>Aplicaci\u00f3n de formatos a los textos (color, tama\u00f1o, cursiva, negrita, subrayado, vi\u00f1etas, alineaci\u00f3n)<\/li>\n<li>Inserci\u00f3n de tablas e im\u00e1genes.<\/li>\n<\/ul>\n<\/li>\n<\/ul>\n<ul>\n<li>Navegaci\u00f3n por la red Internet:\n<ul>\n<li>Uso del navegador Internet Explorer o similar<\/li>\n<\/ul>\n<ul>\n<li>Utilizaci\u00f3n del buscador Google o similar.<\/li>\n<\/ul>\n<ul>\n<li>Env\u00edo y recepci\u00f3n de emails<\/li>\n<\/ul>\n<\/li>\n<\/ul>\n<p><strong>\u00a0Recomendaciones:<\/strong><\/p>\n<ul>\n<li>Un buen aprendizaje, requiere registrar un dominio y contratar un WEB Hosting. Algunos son gratuitos y otros pueden tener un costo aproximado de $200 por mes. Trabajamos los contenidos desde un hosting gratis.<\/li>\n<\/ul>\n<p><strong>D\u00edas y horarios a Cursar:<\/strong><\/p>\n<ul>\n<li>Lunes de 18 a 22:10 hs.<\/li>\n<li>Mi\u00e9rcoles de 18:00 hs. a 21:30 hs.<\/li>\n<\/ul>\n<p><strong>Certificaci\u00f3n otorgada<\/strong><\/p>\n<ul>\n<li>Dise\u00f1o de P\u00e1ginas Web.<\/li>\n<\/ul>\n","protected":false},"excerpt":{"rendered":"<p>Duraci\u00f3n: 1 Cuatrimestre Contenidos Creaci\u00f3n de p\u00e1ginas WEB con CMS WordPress. Registro de dominios en Nic.ar. Contrataci\u00f3n de WEB Hosting. Nociones de maquetaci\u00f3n HTML. Requisitos: Ciclo B\u00e1sico de secundaria. Requisitos especiales: \u00a0Manejo de Microsoft Windows: Utilizaci\u00f3n de ventanas y men\u00fas. Administraci\u00f3n de carpetas y archivos (crear, copiar, pegar y eliminar). Utilizaci\u00f3n del Explorador de Windows<\/p>\n","protected":false},"author":1,"featured_media":0,"parent":0,"menu_order":0,"comment_status":"closed","ping_status":"closed","template":"","meta":{"footnotes":""},"class_list":["post-23","page","type-page","status-publish","hentry"],"_links":{"self":[{"href":"https:\/\/www.cmfp1.edu.ar\/index.php?rest_route=\/wp\/v2\/pages\/23","targetHints":{"allow":["GET"]}}],"collection":[{"href":"https:\/\/www.cmfp1.edu.ar\/index.php?rest_route=\/wp\/v2\/pages"}],"about":[{"href":"https:\/\/www.cmfp1.edu.ar\/index.php?rest_route=\/wp\/v2\/types\/page"}],"author":[{"embeddable":true,"href":"https:\/\/www.cmfp1.edu.ar\/index.php?rest_route=\/wp\/v2\/users\/1"}],"replies":[{"embeddable":true,"href":"https:\/\/www.cmfp1.edu.ar\/index.php?rest_route=%2Fwp%2Fv2%2Fcomments&post=23"}],"version-history":[{"count":7,"href":"https:\/\/www.cmfp1.edu.ar\/index.php?rest_route=\/wp\/v2\/pages\/23\/revisions"}],"predecessor-version":[{"id":1478,"href":"https:\/\/www.cmfp1.edu.ar\/index.php?rest_route=\/wp\/v2\/pages\/23\/revisions\/1478"}],"wp:attachment":[{"href":"https:\/\/www.cmfp1.edu.ar\/index.php?rest_route=%2Fwp%2Fv2%2Fmedia&parent=23"}],"curies":[{"name":"wp","href":"https:\/\/api.w.org\/{rel}","templated":true}]}}