{"id":25,"date":"2015-06-08T02:52:56","date_gmt":"2015-06-08T02:52:56","guid":{"rendered":"http:\/\/proyectoescuela.esy.es\/?page_id=25"},"modified":"2023-03-21T23:50:50","modified_gmt":"2023-03-21T23:50:50","slug":"jardineria","status":"publish","type":"page","link":"https:\/\/www.cmfp1.edu.ar\/?page_id=25","title":{"rendered":"JARDINERIA\/INJERTADO"},"content":{"rendered":"<p><b>Duraci\u00f3n:<\/b><\/p>\n<ul>\n<li>1 A\u00f1o.<\/li>\n<\/ul>\n<p><strong>Contenidos<\/strong><\/p>\n<ul>\n<li>Espacios verdes en zonas urbanas.<\/li>\n<li>Planificaci\u00f3n,\u00a0Proyecto y mantenimiento del jard\u00edn.<\/li>\n<li>C\u00e9sped.<\/li>\n<li>Vegetaci\u00f3n ornamental.<\/li>\n<\/ul>\n<p><strong>Requisitos especiales:<\/strong><\/p>\n<ul>\n<li>Estudios Primarios Completos<\/li>\n<\/ul>\n<p><strong>Recomendaciones:<\/strong><\/p>\n<ul>\n<li>Es conveniente, pero no excluyente, haber cursado previamente Horticultor\/Injertado.<\/li>\n<\/ul>\n<p><strong>D\u00edas y horarios a Cursar:<\/strong><\/p>\n<ul>\n<li>Mi\u00e9rcoles y viernes 18:00 a 21:30<\/li>\n<\/ul>\n<p><strong>Certificaci\u00f3n otorgada<\/strong><\/p>\n<ul>\n<li>Jardiner\u00eda\/Injertado.<\/li>\n<\/ul>\n<p>&nbsp;<\/p>\n","protected":false},"excerpt":{"rendered":"<p>Duraci\u00f3n: 1 A\u00f1o. Contenidos Espacios verdes en zonas urbanas. Planificaci\u00f3n,\u00a0Proyecto y mantenimiento del jard\u00edn. C\u00e9sped. Vegetaci\u00f3n ornamental. Requisitos especiales: Estudios Primarios Completos Recomendaciones: Es conveniente, pero no excluyente, haber cursado previamente Horticultor\/Injertado. D\u00edas y horarios a Cursar: Mi\u00e9rcoles y viernes 18:00 a 21:30 Certificaci\u00f3n otorgada Jardiner\u00eda\/Injertado. &nbsp;<\/p>\n","protected":false},"author":1,"featured_media":0,"parent":0,"menu_order":0,"comment_status":"closed","ping_status":"closed","template":"","meta":{"footnotes":""},"class_list":["post-25","page","type-page","status-publish","hentry"],"_links":{"self":[{"href":"https:\/\/www.cmfp1.edu.ar\/index.php?rest_route=\/wp\/v2\/pages\/25","targetHints":{"allow":["GET"]}}],"collection":[{"href":"https:\/\/www.cmfp1.edu.ar\/index.php?rest_route=\/wp\/v2\/pages"}],"about":[{"href":"https:\/\/www.cmfp1.edu.ar\/index.php?rest_route=\/wp\/v2\/types\/page"}],"author":[{"embeddable":true,"href":"https:\/\/www.cmfp1.edu.ar\/index.php?rest_route=\/wp\/v2\/users\/1"}],"replies":[{"embeddable":true,"href":"https:\/\/www.cmfp1.edu.ar\/index.php?rest_route=%2Fwp%2Fv2%2Fcomments&post=25"}],"version-history":[{"count":14,"href":"https:\/\/www.cmfp1.edu.ar\/index.php?rest_route=\/wp\/v2\/pages\/25\/revisions"}],"predecessor-version":[{"id":1457,"href":"https:\/\/www.cmfp1.edu.ar\/index.php?rest_route=\/wp\/v2\/pages\/25\/revisions\/1457"}],"wp:attachment":[{"href":"https:\/\/www.cmfp1.edu.ar\/index.php?rest_route=%2Fwp%2Fv2%2Fmedia&parent=25"}],"curies":[{"name":"wp","href":"https:\/\/api.w.org\/{rel}","templated":true}]}}