{"id":27,"date":"2015-06-08T02:53:17","date_gmt":"2015-06-08T02:53:17","guid":{"rendered":"http:\/\/proyectoescuela.esy.es\/?page_id=27"},"modified":"2023-03-21T23:54:13","modified_gmt":"2023-03-21T23:54:13","slug":"diseno-grafico","status":"publish","type":"page","link":"https:\/\/www.cmfp1.edu.ar\/?page_id=27","title":{"rendered":"T\u00c9CNICAS DE DISE\u00d1O GR\u00c1FICO NIVEL 1 Y 2"},"content":{"rendered":"<p><b>Duraci\u00f3n:<\/b><\/p>\n<ul>\n<li>1 A\u00f1o.<\/li>\n<\/ul>\n<p><strong>Contenidos<\/strong><\/p>\n<ul>\n<li>Fundamentos del dise\u00f1o,<\/li>\n<li>T\u00e9cnicas.<\/li>\n<li>Herramientas aplicadas: Corel 9, Photoshop.<\/li>\n<li>Folletos, revistas, tapas de Cd.<\/li>\n<\/ul>\n<p><strong>Requisitos especiales:<\/strong><\/p>\n<ul>\n<li>Estudios Primarios Completos<\/li>\n<\/ul>\n<p><strong>Recomendaciones:<\/strong><\/p>\n<ul>\n<li>Es conveniente, pero no excluyente, haber cursado previamente Computaci\u00f3n B\u00e1sica.<\/li>\n<\/ul>\n<p><strong>D\u00edas y horarios a Cursar:<\/strong><\/p>\n<ul>\n<li>Jueves y viernes 18:00 a 21:30<\/li>\n<\/ul>\n<p>&nbsp;<\/p>\n","protected":false},"excerpt":{"rendered":"<p>Duraci\u00f3n: 1 A\u00f1o. Contenidos Fundamentos del dise\u00f1o, T\u00e9cnicas. Herramientas aplicadas: Corel 9, Photoshop. Folletos, revistas, tapas de Cd. Requisitos especiales: Estudios Primarios Completos Recomendaciones: Es conveniente, pero no excluyente, haber cursado previamente Computaci\u00f3n B\u00e1sica. D\u00edas y horarios a Cursar: Jueves y viernes 18:00 a 21:30 &nbsp;<\/p>\n","protected":false},"author":1,"featured_media":0,"parent":0,"menu_order":0,"comment_status":"closed","ping_status":"closed","template":"","meta":{"footnotes":""},"class_list":["post-27","page","type-page","status-publish","hentry"],"_links":{"self":[{"href":"https:\/\/www.cmfp1.edu.ar\/index.php?rest_route=\/wp\/v2\/pages\/27","targetHints":{"allow":["GET"]}}],"collection":[{"href":"https:\/\/www.cmfp1.edu.ar\/index.php?rest_route=\/wp\/v2\/pages"}],"about":[{"href":"https:\/\/www.cmfp1.edu.ar\/index.php?rest_route=\/wp\/v2\/types\/page"}],"author":[{"embeddable":true,"href":"https:\/\/www.cmfp1.edu.ar\/index.php?rest_route=\/wp\/v2\/users\/1"}],"replies":[{"embeddable":true,"href":"https:\/\/www.cmfp1.edu.ar\/index.php?rest_route=%2Fwp%2Fv2%2Fcomments&post=27"}],"version-history":[{"count":7,"href":"https:\/\/www.cmfp1.edu.ar\/index.php?rest_route=\/wp\/v2\/pages\/27\/revisions"}],"predecessor-version":[{"id":1452,"href":"https:\/\/www.cmfp1.edu.ar\/index.php?rest_route=\/wp\/v2\/pages\/27\/revisions\/1452"}],"wp:attachment":[{"href":"https:\/\/www.cmfp1.edu.ar\/index.php?rest_route=%2Fwp%2Fv2%2Fmedia&parent=27"}],"curies":[{"name":"wp","href":"https:\/\/api.w.org\/{rel}","templated":true}]}}