{"id":37,"date":"2015-05-02T02:55:30","date_gmt":"2015-05-02T02:55:30","guid":{"rendered":"http:\/\/proyectoescuela.esy.es\/?page_id=37"},"modified":"2024-02-23T01:50:22","modified_gmt":"2024-02-23T01:50:22","slug":"horticultor-injertado","status":"publish","type":"page","link":"https:\/\/www.cmfp1.edu.ar\/?page_id=37","title":{"rendered":"HORTICULTOR"},"content":{"rendered":"<p>[huge_it_gallery id=\u00bb3&#8243;]<\/p>\n<p><b>Duraci\u00f3n:<\/b><\/p>\n<ul>\n<li>1 A\u00f1o.<\/li>\n<\/ul>\n<p><strong>Contenidos<\/strong><\/p>\n<ul>\n<li>Producci\u00f3n hort\u00edcola.<\/li>\n<li>Manejo de vivero.<\/li>\n<li>Multiplicaci\u00f3n vegetal.<\/li>\n<li>Sanidad de cultivos.<\/li>\n<li>Mantenimiento y poda de frutales y especies ornamentales.<\/li>\n<li>Arboricultura, riego.<\/li>\n<li>Protecci\u00f3n personal en el trabajo.<\/li>\n<li>Practica: Huerta y producci\u00f3n ornamental.<\/li>\n<\/ul>\n<p><strong>Requisitos especiales:<\/strong><\/p>\n<ul>\n<li>Estudios Primarios Completos<\/li>\n<\/ul>\n<p><strong>Recomendaciones:<\/strong><\/p>\n<ul>\n<li><a href=\"http:\/\/es.wikipedia.org\/wiki\/Vacuna_antitet%C3%A1nica\" target=\"_blank\" rel=\"noopener\">Vacuna Antitet\u00e1nica\u00a0<\/a><\/li>\n<\/ul>\n<blockquote><p>(Consultar antes con el m\u00e9dico)<\/p><\/blockquote>\n<p><strong>D\u00edas y horarios a Cursar:<\/strong><\/p>\n<ul>\n<li>Martes y viernes de 18:00 a 21:30 y s\u00e1bado de 9:00 a 13:00 (<a title=\"Ver como llegar a la Huerta\" href=\"http:\/\/www.cmfp1.edu.ar\/pagina1\/index.php\/informacion-general\/como-llegar-a-la-huerta\" target=\"_blank\" rel=\"noopener\">Pr\u00e1cticas en la Huerta<\/a>)<\/li>\n<\/ul>\n<p><strong>Certificaci\u00f3n otorgada<\/strong><\/p>\n<ul>\n<li>Pr\u00e1ctico en huerta\/Riego por gravedad.<\/li>\n<\/ul>\n","protected":false},"excerpt":{"rendered":"<p>[huge_it_gallery id=\u00bb3&#8243;] Duraci\u00f3n: 1 A\u00f1o. Contenidos Producci\u00f3n hort\u00edcola. Manejo de vivero. Multiplicaci\u00f3n vegetal. Sanidad de cultivos. Mantenimiento y poda de frutales y especies ornamentales. Arboricultura, riego. Protecci\u00f3n personal en el trabajo. Practica: Huerta y producci\u00f3n ornamental. Requisitos especiales: Estudios Primarios Completos Recomendaciones: Vacuna Antitet\u00e1nica\u00a0 (Consultar antes con el m\u00e9dico) D\u00edas y horarios a Cursar: Martes<\/p>\n","protected":false},"author":1,"featured_media":0,"parent":0,"menu_order":0,"comment_status":"closed","ping_status":"closed","template":"","meta":{"footnotes":""},"class_list":["post-37","page","type-page","status-publish","hentry"],"_links":{"self":[{"href":"https:\/\/www.cmfp1.edu.ar\/index.php?rest_route=\/wp\/v2\/pages\/37","targetHints":{"allow":["GET"]}}],"collection":[{"href":"https:\/\/www.cmfp1.edu.ar\/index.php?rest_route=\/wp\/v2\/pages"}],"about":[{"href":"https:\/\/www.cmfp1.edu.ar\/index.php?rest_route=\/wp\/v2\/types\/page"}],"author":[{"embeddable":true,"href":"https:\/\/www.cmfp1.edu.ar\/index.php?rest_route=\/wp\/v2\/users\/1"}],"replies":[{"embeddable":true,"href":"https:\/\/www.cmfp1.edu.ar\/index.php?rest_route=%2Fwp%2Fv2%2Fcomments&post=37"}],"version-history":[{"count":14,"href":"https:\/\/www.cmfp1.edu.ar\/index.php?rest_route=\/wp\/v2\/pages\/37\/revisions"}],"predecessor-version":[{"id":1534,"href":"https:\/\/www.cmfp1.edu.ar\/index.php?rest_route=\/wp\/v2\/pages\/37\/revisions\/1534"}],"wp:attachment":[{"href":"https:\/\/www.cmfp1.edu.ar\/index.php?rest_route=%2Fwp%2Fv2%2Fmedia&parent=37"}],"curies":[{"name":"wp","href":"https:\/\/api.w.org\/{rel}","templated":true}]}}