{"id":43,"date":"2015-05-02T02:56:50","date_gmt":"2015-05-02T02:56:50","guid":{"rendered":"http:\/\/proyectoescuela.esy.es\/?page_id=43"},"modified":"2023-03-21T23:51:33","modified_gmt":"2023-03-21T23:51:33","slug":"reparador-refrigeradores-aire-acondicionado","status":"publish","type":"page","link":"https:\/\/www.cmfp1.edu.ar\/?page_id=43","title":{"rendered":"REPARADOR DE REFRIGERADORES DOM\u00c9STICOS"},"content":{"rendered":"<p>[huge_it_gallery id=\u00bb6&#8243;]<\/p>\n<p><strong>Duraci\u00f3n:<\/strong><\/p>\n<ul>\n<li>1 a\u00f1o.<\/li>\n<\/ul>\n<p><strong>Contenidos<\/strong><\/p>\n<ul>\n<li>Reparaci\u00f3n y mantenimiento de:\n<ul>\n<li>Heladeras familiares<\/li>\n<li>Freezer<\/li>\n<\/ul>\n<\/li>\n<\/ul>\n<p><strong>Requisitos:<\/strong><\/p>\n<ul>\n<li>Estudios Primarios Completos<\/li>\n<\/ul>\n<p><strong>Recomendado:<\/strong><\/p>\n<ul>\n<li>Ninguno<\/li>\n<\/ul>\n<p><strong>D\u00edas y horarios a Cursar<\/strong><\/p>\n<ul>\n<li>Lunes, martes, mi\u00e9rcoles y viernes 18:00 a 22:10<\/li>\n<\/ul>\n<p><strong>Certificaci\u00f3n otorgada<\/strong><\/p>\n<ul>\n<li>Reparador de Refrigerador dom\u00e9sticos.<\/li>\n<\/ul>\n<p><a href=\"http:\/\/proyectoescuela.esy.es\/wp-content\/uploads\/2017\/10\/a-Programa-Reparador-de-refrigeradores-Domesticos.pdf\" target=\"_blank\" rel=\"noopener\">Programa de Reparador de Refrigeradores dom\u00e9sticos<\/a><\/p>\n<p>&nbsp;<\/p>\n","protected":false},"excerpt":{"rendered":"<p>[huge_it_gallery id=\u00bb6&#8243;] Duraci\u00f3n: 1 a\u00f1o. Contenidos Reparaci\u00f3n y mantenimiento de: Heladeras familiares Freezer Requisitos: Estudios Primarios Completos Recomendado: Ninguno D\u00edas y horarios a Cursar Lunes, martes, mi\u00e9rcoles y viernes 18:00 a 22:10 Certificaci\u00f3n otorgada Reparador de Refrigerador dom\u00e9sticos. Programa de Reparador de Refrigeradores dom\u00e9sticos &nbsp;<\/p>\n","protected":false},"author":1,"featured_media":0,"parent":0,"menu_order":0,"comment_status":"closed","ping_status":"closed","template":"","meta":{"footnotes":""},"class_list":["post-43","page","type-page","status-publish","hentry"],"_links":{"self":[{"href":"https:\/\/www.cmfp1.edu.ar\/index.php?rest_route=\/wp\/v2\/pages\/43","targetHints":{"allow":["GET"]}}],"collection":[{"href":"https:\/\/www.cmfp1.edu.ar\/index.php?rest_route=\/wp\/v2\/pages"}],"about":[{"href":"https:\/\/www.cmfp1.edu.ar\/index.php?rest_route=\/wp\/v2\/types\/page"}],"author":[{"embeddable":true,"href":"https:\/\/www.cmfp1.edu.ar\/index.php?rest_route=\/wp\/v2\/users\/1"}],"replies":[{"embeddable":true,"href":"https:\/\/www.cmfp1.edu.ar\/index.php?rest_route=%2Fwp%2Fv2%2Fcomments&post=43"}],"version-history":[{"count":13,"href":"https:\/\/www.cmfp1.edu.ar\/index.php?rest_route=\/wp\/v2\/pages\/43\/revisions"}],"predecessor-version":[{"id":1458,"href":"https:\/\/www.cmfp1.edu.ar\/index.php?rest_route=\/wp\/v2\/pages\/43\/revisions\/1458"}],"wp:attachment":[{"href":"https:\/\/www.cmfp1.edu.ar\/index.php?rest_route=%2Fwp%2Fv2%2Fmedia&parent=43"}],"curies":[{"name":"wp","href":"https:\/\/api.w.org\/{rel}","templated":true}]}}