{"id":45,"date":"2015-05-02T02:57:13","date_gmt":"2015-05-02T02:57:13","guid":{"rendered":"http:\/\/proyectoescuela.esy.es\/?page_id=45"},"modified":"2023-03-21T23:20:37","modified_gmt":"2023-03-21T23:20:37","slug":"reparador-de-lavarropas","status":"publish","type":"page","link":"https:\/\/www.cmfp1.edu.ar\/?page_id=45","title":{"rendered":"REPARADOR DE ELECTRODOMESTICOS"},"content":{"rendered":"<p><strong>Duraci\u00f3n:<\/strong><\/p>\n<ul>\n<li>1 Cuatrimestre<\/li>\n<\/ul>\n<p><strong>Contenidos<\/strong><\/p>\n<ul>\n<li>Reparaci\u00f3n y mantenimiento de Lavarropas dom\u00e9sticos<\/li>\n<\/ul>\n<p><strong>Requisitos especiales:<\/strong><\/p>\n<ul>\n<li>Estudios Primarios Completos<\/li>\n<\/ul>\n<p><strong>Recomendaciones:<\/strong><\/p>\n<ul>\n<li>Ninguno<\/li>\n<\/ul>\n<p><strong>D\u00edas y horarios a Cursar:<\/strong><\/p>\n<ul>\n<li>Mi\u00e9rcoles de: 18:00 a 21:30 hs<\/li>\n<li>Jueves \u00a0 \u00a0de: 18:00 a\u00a021:30 hs<\/li>\n<\/ul>\n<p><strong>Certificaci\u00f3n otorgada<\/strong><\/p>\n<ul>\n<li>Reparador de electrodom\u00e9sticos.<\/li>\n<\/ul>\n<p>&nbsp;<\/p>\n","protected":false},"excerpt":{"rendered":"<p>Duraci\u00f3n: 1 Cuatrimestre Contenidos Reparaci\u00f3n y mantenimiento de Lavarropas dom\u00e9sticos Requisitos especiales: Estudios Primarios Completos Recomendaciones: Ninguno D\u00edas y horarios a Cursar: Mi\u00e9rcoles de: 18:00 a 21:30 hs Jueves \u00a0 \u00a0de: 18:00 a\u00a021:30 hs Certificaci\u00f3n otorgada Reparador de electrodom\u00e9sticos. &nbsp;<\/p>\n","protected":false},"author":1,"featured_media":0,"parent":0,"menu_order":0,"comment_status":"closed","ping_status":"closed","template":"","meta":{"footnotes":""},"class_list":["post-45","page","type-page","status-publish","hentry"],"_links":{"self":[{"href":"https:\/\/www.cmfp1.edu.ar\/index.php?rest_route=\/wp\/v2\/pages\/45","targetHints":{"allow":["GET"]}}],"collection":[{"href":"https:\/\/www.cmfp1.edu.ar\/index.php?rest_route=\/wp\/v2\/pages"}],"about":[{"href":"https:\/\/www.cmfp1.edu.ar\/index.php?rest_route=\/wp\/v2\/types\/page"}],"author":[{"embeddable":true,"href":"https:\/\/www.cmfp1.edu.ar\/index.php?rest_route=\/wp\/v2\/users\/1"}],"replies":[{"embeddable":true,"href":"https:\/\/www.cmfp1.edu.ar\/index.php?rest_route=%2Fwp%2Fv2%2Fcomments&post=45"}],"version-history":[{"count":7,"href":"https:\/\/www.cmfp1.edu.ar\/index.php?rest_route=\/wp\/v2\/pages\/45\/revisions"}],"predecessor-version":[{"id":1441,"href":"https:\/\/www.cmfp1.edu.ar\/index.php?rest_route=\/wp\/v2\/pages\/45\/revisions\/1441"}],"wp:attachment":[{"href":"https:\/\/www.cmfp1.edu.ar\/index.php?rest_route=%2Fwp%2Fv2%2Fmedia&parent=45"}],"curies":[{"name":"wp","href":"https:\/\/api.w.org\/{rel}","templated":true}]}}