{"id":5,"date":"2019-06-01T01:14:31","date_gmt":"2019-06-01T01:14:31","guid":{"rendered":"http:\/\/proyectoescuela.esy.es\/?page_id=5"},"modified":"2023-12-18T00:10:49","modified_gmt":"2023-12-18T00:10:49","slug":"inicio","status":"publish","type":"page","link":"https:\/\/www.cmfp1.edu.ar\/","title":{"rendered":"INICIO"},"content":{"rendered":"\n\t\t<!-- MasterSlider -->\n\t\t<div id=\"P_MS6a02bedcddd92\" class=\"master-slider-parent msl ms-parent-id-1\" style=\"max-width:800px;\">\n\n\t\t\t\n\t\t\t<!-- MasterSlider Main -->\n\t\t\t<div id=\"MS6a02bedcddd92\" class=\"master-slider ms-skin-light-3\" >\n\t\t\t\t \t\t\t\t \n\t\t\t\t<div  class=\"ms-slide\" data-delay=\"3\" data-fill-mode=\"fill\"  >\n\t\t\t\t\t<img decoding=\"async\" src=\"https:\/\/www.proyectoescuela.esy.es\/wp-content\/plugins\/master-slider\/public\/assets\/css\/blank.gif\" alt=\"\" title=\"\" data-src=\"https:\/\/www.proyectoescuela.esy.es\/wp-content\/uploads\/2021\/12\/IMG-20211222-WA0012-700x525.jpg\" \/>\n\n\n\t<div class=\"ms-thumb\" ><div class=\"ms-tab-context\"><div class=\"&quot;ms-tab-context&quot;\"><\/div><\/div>\n<\/div>\n\t\t\t\t<\/div>\n\t\t\t\t<div  class=\"ms-slide\" data-delay=\"3\" data-fill-mode=\"fill\"  >\n\t\t\t\t\t<img decoding=\"async\" src=\"https:\/\/www.proyectoescuela.esy.es\/wp-content\/plugins\/master-slider\/public\/assets\/css\/blank.gif\" alt=\"\" title=\"\" data-src=\"https:\/\/www.proyectoescuela.esy.es\/wp-content\/uploads\/2017\/09\/huerta1.jpg\" \/>\n\n\n\t<div class=\"ms-thumb\" ><div class=\"ms-tab-context\"><div class=\"&quot;ms-tab-context&quot;\"><\/div><\/div>\n<\/div>\n\t\t\t\t<\/div>\n\t\t\t\t<div  class=\"ms-slide\" data-delay=\"3\" data-fill-mode=\"fill\"  >\n\t\t\t\t\t<img decoding=\"async\" src=\"https:\/\/www.proyectoescuela.esy.es\/wp-content\/plugins\/master-slider\/public\/assets\/css\/blank.gif\" alt=\"\" title=\"\" data-src=\"https:\/\/www.proyectoescuela.esy.es\/wp-content\/uploads\/2017\/09\/mecanicadental1.jpg\" \/>\n\n\n\t<div class=\"ms-thumb\" ><div class=\"ms-tab-context\"><div class=\"&quot;ms-tab-context&quot;\"><\/div><\/div>\n<\/div>\n\t\t\t\t<\/div>\n\t\t\t\t<div  class=\"ms-slide\" data-delay=\"3\" data-fill-mode=\"fill\"  >\n\t\t\t\t\t<img decoding=\"async\" src=\"https:\/\/www.proyectoescuela.esy.es\/wp-content\/plugins\/master-slider\/public\/assets\/css\/blank.gif\" alt=\"\" title=\"\" data-src=\"https:\/\/www.proyectoescuela.esy.es\/wp-content\/uploads\/2017\/09\/electronica1.jpg\" \/>\n\n\n\t<div class=\"ms-thumb\" ><div class=\"ms-tab-context\"><div class=\"&quot;ms-tab-context&quot;\"><\/div><\/div>\n<\/div>\n\t\t\t\t<\/div>\n\n\t\t\t<\/div>\n\t\t\t<!-- END MasterSlider Main -->\n\n\t\t\t \n\t\t<\/div>\n\t\t<!-- END MasterSlider -->\n\n\t\t<script>\n\t\t(function ( $ ) {\n\t\t\t\"use strict\";\n\n\t\t\t$(function () {\n\t\t\t\tvar masterslider_dd92 = new MasterSlider();\n\n\t\t\t\t\/\/ slider controls\n\t\t\t\tmasterslider_dd92.control('arrows'     ,{ autohide:false, overVideo:true  });\t\t\t\tmasterslider_dd92.control('bullets'    ,{ autohide:true, overVideo:true, dir:'h', align:'bottom' , margin:10  });\n\n\t\t\t\tmasterslider_dd92.control('circletimer',{ autohide:false, overVideo:true, color:'#434343', radius:10, stroke:3   });\n\t\t\t\tmasterslider_dd92.control('timebar'    ,{ autohide:false, overVideo:true, align:'bottom', color:'#FFFFFF'  , width:4 });\n\t\t\t\t\/\/ slider setup\n\t\t\t\tmasterslider_dd92.setup(\"MS6a02bedcddd92\", {\n\t\t\t\t\t\twidth           : 800,\n\t\t\t\t\t\theight          : 480,\n\t\t\t\t\t\tminHeight       : 0,\n\t\t\t\t\t\tspace           : 0,\n\t\t\t\t\t\tstart           : 1,\n\t\t\t\t\t\tgrabCursor      : true,\n\t\t\t\t\t\tswipe           : true,\n\t\t\t\t\t\tmouse           : true,\n\t\t\t\t\t\tlayout          : \"boxed\",\n\t\t\t\t\t\twheel           : false,\n\t\t\t\t\t\tautoplay        : true,\n\t\t\t\t\t\tinstantStartLayers:false,\n\t\t\t\t\t\tloop            : true,\n\t\t\t\t\t\tshuffle         : false,\n\t\t\t\t\t\tpreload         : 0,\n\t\t\t\t\t\theightLimit     : true,\n\t\t\t\t\t\tautoHeight      : false,\n\t\t\t\t\t\tsmoothHeight    : true,\n\t\t\t\t\t\tendPause        : false,\n\t\t\t\t\t\toverPause       : true,\n\t\t\t\t\t\tfillMode        : \"fill\",\n\t\t\t\t\t\tcenterControls  : true,\n\t\t\t\t\t\tstartOnAppear   : false,\n\t\t\t\t\t\tlayersMode      : \"center\",\n\t\t\t\t\t\thideLayers      : false,\n\t\t\t\t\t\tfullscreenMargin: 0,\n\t\t\t\t\t\tspeed           : 20,\n\t\t\t\t\t\tdir             : \"h\",\n\t\t\t\t\t\tparallaxMode    : 'swipe',\n\t\t\t\t\t\tview            : \"basic\"\n\t\t\t\t});\n\n\t\t\t\t\n\t\t\t\twindow.masterslider_instances = window.masterslider_instances || [];\n\t\t\t\twindow.masterslider_instances.push( masterslider_dd92 );\n\t\t\t });\n\n\t\t})(jQuery);\n\t\t<\/script>\n\n\n<h3 style=\"text-align: center;\"><span style=\"font-size: 24pt;\"><strong><span style=\"color: #ff0000;\">25 ESPECIALIDADES GRATUITAS<\/span><\/strong><\/span><\/h3>\n<p style=\"text-align: center;\"><span style=\"font-size: 14pt; color: #000000;\">con CERTIFICACIONES otorgadas por:<\/span><br \/>\n<span style=\"font-size: 14pt; color: #000000;\"> Direcci\u00f3n General de Cultura y Educaci\u00f3n de la Provincia de Buenos Aires.<\/span><br \/>\n<span style=\"font-size: 14pt; color: #000000;\"> Direcci\u00f3n de Educaci\u00f3n del Municipio de Mor\u00f3n.<\/span><\/p>\n<p>&nbsp;<\/p>\n<h2 style=\"text-align: center;\"><span style=\"font-size: 32px;\"><strong><span style=\"color: #ff0000;\">Especialidades<\/span><\/strong><\/span><\/h2>\n<p style=\"text-align: center;\"><span style=\"font-size: 14pt; color: #000000;\">\u00bfQuere\u0301s especializarte para obtener nuevos conocimientos o profundizarlos?<\/span><\/p>\n<p style=\"text-align: center;\"><span style=\"font-size: 14pt; color: #000000;\">Te mostramos las capacitaciones del CMFP N\u00b01 \u00abRicardo Rojas\u00bb<\/span><\/p>\n<p><a href=\"http:\/\/proyectoescuela.esy.es\/wp-content\/uploads\/2019\/06\/23-11-01-folleto.jpg\"><img loading=\"lazy\" decoding=\"async\" class=\"aligncenter wp-image-1490 size-full\" src=\"http:\/\/proyectoescuela.esy.es\/wp-content\/uploads\/2019\/06\/23-11-01-folleto.jpg\" alt=\"\" width=\"1221\" height=\"883\" srcset=\"https:\/\/www.proyectoescuela.esy.es\/wp-content\/uploads\/2019\/06\/23-11-01-folleto.jpg 1221w, https:\/\/www.proyectoescuela.esy.es\/wp-content\/uploads\/2019\/06\/23-11-01-folleto-768x555.jpg 768w\" sizes=\"auto, (max-width: 1221px) 100vw, 1221px\" \/><\/a><\/p>\n<h3 style=\"text-align: center;\">Clic en la imagen para descargar la informaci\u00f3n.<\/h3>\n<p><a href=\"http:\/\/cmfp1.edu.ar\/wp-content\/uploads\/2023\/12\/OFERTA-2024-1.pdf\"><img loading=\"lazy\" decoding=\"async\" class=\"aligncenter wp-image-1529 size-full\" src=\"http:\/\/cmfp1.edu.ar\/wp-content\/uploads\/2019\/06\/Rojas-oferta-2024-sin-fechas-inscripcion.jpg\" alt=\"\" width=\"1035\" height=\"764\" srcset=\"https:\/\/www.proyectoescuela.esy.es\/wp-content\/uploads\/2019\/06\/Rojas-oferta-2024-sin-fechas-inscripcion.jpg 1035w, https:\/\/www.proyectoescuela.esy.es\/wp-content\/uploads\/2019\/06\/Rojas-oferta-2024-sin-fechas-inscripcion-768x566.jpg 768w, https:\/\/www.proyectoescuela.esy.es\/wp-content\/uploads\/2019\/06\/Rojas-oferta-2024-sin-fechas-inscripcion-131x97.jpg 131w\" sizes=\"auto, (max-width: 1035px) 100vw, 1035px\" \/><\/a><\/p>\n<p>&nbsp;<\/p>\n<h3 style=\"text-align: center;\"><span style=\"font-size: 14pt;\"><strong><span style=\"color: #ff0000;\">INFORMES<\/span><\/strong><\/span><\/h3>\n<p style=\"text-align: center;\"><span class=\"fontstyle1\" style=\"color: #000000; font-size: 14pt;\">2\u00b0 Rivadavia 15866 \u2013 Haedo. <\/span><\/p>\n<p style=\"text-align: center;\"><span class=\"fontstyle1\" style=\"color: #000000; font-size: 14pt;\">De lunes a viernes de 8:30 a 11:00hs. y de 18:00 a 21:30hs. <\/span><\/p>\n<p style=\"text-align: center;\"><span class=\"fontstyle0\" style=\"color: #000000; font-size: 14pt;\">Tel. 4650-3270<\/span><\/p>\n<p>&nbsp;<\/p>\n<table class=\" aligncenter\" style=\"width: 198.725px;\">\n<tbody>\n<tr>\n<td style=\"width: 75px;\"><a href=\"http:\/\/proyectoescuela.esy.es\/wp-content\/uploads\/2019\/06\/internetx60.jpg\"><img loading=\"lazy\" decoding=\"async\" class=\"aligncenter size-large wp-image-1410\" src=\"http:\/\/proyectoescuela.esy.es\/wp-content\/uploads\/2019\/06\/internetx60-1024x1024.jpg\" alt=\"\" width=\"911\" height=\"911\" srcset=\"https:\/\/www.proyectoescuela.esy.es\/wp-content\/uploads\/2019\/06\/internetx60-1024x1024.jpg 1024w, https:\/\/www.proyectoescuela.esy.es\/wp-content\/uploads\/2019\/06\/internetx60-150x150.jpg 150w, https:\/\/www.proyectoescuela.esy.es\/wp-content\/uploads\/2019\/06\/internetx60-300x300.jpg 300w, https:\/\/www.proyectoescuela.esy.es\/wp-content\/uploads\/2019\/06\/internetx60-768x768.jpg 768w, https:\/\/www.proyectoescuela.esy.es\/wp-content\/uploads\/2019\/06\/internetx60.jpg 60w\" sizes=\"auto, (max-width: 911px) 100vw, 911px\" \/><\/a><\/td>\n<td style=\"width: 108.725px;\">&nbsp;<\/p>\n<p><a href=\"http:\/\/www.cmfp1.edu.ar\/\" target=\"_blank\" rel=\"noopener\">www.cmfp1.edu.ar<\/a><\/p>\n<p>&nbsp;<\/td>\n<\/tr>\n<tr>\n<td style=\"width: 75px;\"><a href=\"http:\/\/proyectoescuela.esy.es\/wp-content\/uploads\/2019\/06\/instagramx60.jpg\"><img loading=\"lazy\" decoding=\"async\" class=\"aligncenter size-large wp-image-1411\" src=\"http:\/\/proyectoescuela.esy.es\/wp-content\/uploads\/2019\/06\/instagramx60-1024x1024.jpg\" alt=\"\" width=\"911\" height=\"911\" srcset=\"https:\/\/www.proyectoescuela.esy.es\/wp-content\/uploads\/2019\/06\/instagramx60-1024x1024.jpg 1024w, https:\/\/www.proyectoescuela.esy.es\/wp-content\/uploads\/2019\/06\/instagramx60-150x150.jpg 150w, https:\/\/www.proyectoescuela.esy.es\/wp-content\/uploads\/2019\/06\/instagramx60-300x300.jpg 300w, https:\/\/www.proyectoescuela.esy.es\/wp-content\/uploads\/2019\/06\/instagramx60-768x768.jpg 768w, https:\/\/www.proyectoescuela.esy.es\/wp-content\/uploads\/2019\/06\/instagramx60.jpg 60w\" sizes=\"auto, (max-width: 911px) 100vw, 911px\" \/><\/a><\/td>\n<td style=\"text-align: center; width: 108.725px;\">&nbsp;<\/p>\n<p><a href=\"https:\/\/www.instagram.com\/cmfp1ricardorojas\/?hl=es\" target=\"_blank\" rel=\"noopener\">CMFP1RicardoRojas<\/a><\/p>\n<p>&nbsp;<\/td>\n<\/tr>\n<\/tbody>\n<\/table>\n<p>&nbsp;<\/p>\n<p style=\"text-align: center;\"><span style=\"font-size: 14pt;\"><strong><span style=\"color: #ff0000;\">Requisitos:<\/span><\/strong><\/span><\/p>\n<p style=\"text-align: center;\"><span style=\"color: #000000; font-size: 14pt;\"><span class=\"fontstyle3\">MAYOR DE <strong>16 A\u00f1os<\/strong>, <\/span><span class=\"fontstyle0\">SIN L\u00cdMITE DE EDAD<br \/>\n<\/span><span class=\"fontstyle3\"><strong>D.N.I.<\/strong> <\/span><span class=\"fontstyle0\">ORIGINAL Y FOTOCOPIA<br \/>\n<\/span><span class=\"fontstyle3\">CERTIFICADO DE <strong>PRIMARIA o SECUNDARIA<\/strong> COMPLETA: <\/span><span class=\"fontstyle0\">ORIGINAL Y FOTOCOPIA (SEG\u00daN REQUISITO DE INGRESO)<br \/>\nLa documentaci\u00f3n ser\u00e1 confrontada en la instituci\u00f3n<\/span><\/span><\/p>\n<p>&nbsp;<\/p>\n<p style=\"text-align: center;\"><span style=\"font-size: 14pt; color: #000000;\">La Asociaci\u00f3n Cooperadora: Administra los fondos recaudados de acuerdo con las necesidades de<\/span><br \/>\n<span style=\"font-size: 14pt; color: #000000;\"> equipamiento, materiales, herramientas e infraestructura edilicia para el mejoramiento de la calidad de las condiciones del espacio escolar<\/span><br \/>\n<span style=\"font-size: 14pt; color: #000000;\"> $1000 cuota Inicial y $500 mensual.<\/span><\/p>\n<p>&nbsp;<\/p>\n<p style=\"text-align: center;\"><span style=\"color: #000000;\"><strong>INSCRIPCI\u00d3N A PARTIR DEL 9 DE NOVIEMBRE DE 2022 presencial en 2DA. RIVADAVIA 15866, HAEDO <\/strong><\/span><br \/>\n<span style=\"color: #000000;\"> <strong>seg\u00fan cronograma, de d\u00edas y horarios del cuadro<\/strong><\/span><\/p>\n<p>&nbsp;<\/p>\n<p style=\"text-align: center;\">[huge_it_gallery id=\u00bb17&#8243;]<\/p>\n","protected":false},"excerpt":{"rendered":"<p>25 ESPECIALIDADES GRATUITAS con CERTIFICACIONES otorgadas por: Direcci\u00f3n General de Cultura y Educaci\u00f3n de la Provincia de Buenos Aires. Direcci\u00f3n de Educaci\u00f3n del Municipio de Mor\u00f3n. &nbsp; Especialidades \u00bfQuere\u0301s especializarte para obtener nuevos conocimientos o profundizarlos? Te mostramos las capacitaciones del CMFP N\u00b01 \u00abRicardo Rojas\u00bb Clic en la imagen para descargar la informaci\u00f3n. &nbsp; INFORMES<\/p>\n","protected":false},"author":1,"featured_media":0,"parent":0,"menu_order":0,"comment_status":"closed","ping_status":"closed","template":"","meta":{"footnotes":""},"class_list":["post-5","page","type-page","status-publish","hentry"],"_links":{"self":[{"href":"https:\/\/www.cmfp1.edu.ar\/index.php?rest_route=\/wp\/v2\/pages\/5","targetHints":{"allow":["GET"]}}],"collection":[{"href":"https:\/\/www.cmfp1.edu.ar\/index.php?rest_route=\/wp\/v2\/pages"}],"about":[{"href":"https:\/\/www.cmfp1.edu.ar\/index.php?rest_route=\/wp\/v2\/types\/page"}],"author":[{"embeddable":true,"href":"https:\/\/www.cmfp1.edu.ar\/index.php?rest_route=\/wp\/v2\/users\/1"}],"replies":[{"embeddable":true,"href":"https:\/\/www.cmfp1.edu.ar\/index.php?rest_route=%2Fwp%2Fv2%2Fcomments&post=5"}],"version-history":[{"count":132,"href":"https:\/\/www.cmfp1.edu.ar\/index.php?rest_route=\/wp\/v2\/pages\/5\/revisions"}],"predecessor-version":[{"id":1532,"href":"https:\/\/www.cmfp1.edu.ar\/index.php?rest_route=\/wp\/v2\/pages\/5\/revisions\/1532"}],"wp:attachment":[{"href":"https:\/\/www.cmfp1.edu.ar\/index.php?rest_route=%2Fwp%2Fv2%2Fmedia&parent=5"}],"curies":[{"name":"wp","href":"https:\/\/api.w.org\/{rel}","templated":true}]}}