{"id":662,"date":"2015-05-02T18:55:39","date_gmt":"2015-05-02T18:55:39","guid":{"rendered":"http:\/\/proyectoescuela.esy.es\/?page_id=662"},"modified":"2018-11-21T01:21:28","modified_gmt":"2018-11-21T01:21:28","slug":"asociacion-cooperadora","status":"publish","type":"page","link":"https:\/\/www.cmfp1.edu.ar\/?page_id=662","title":{"rendered":"ASOCIACI\u00d3N COOPERADORA"},"content":{"rendered":"<p align=\"center\">A\u00f1o tras a\u00f1o cientos de alumnos ven crecer su conocimiento debido a su inter\u00e9s personal<\/p>\n<p align=\"center\">y a las ense\u00f1anzas llevadas adelante por docentes y profesionales que junto a auxiliares e integrantes de cooperadora ponen pasi\u00f3n en este emprendimiento.<\/p>\n<p align=\"center\">Con tu ayuda la cooperadora administra y contribuye al equipamiento de lo que vos est\u00e1s usando.<\/p>\n<p align=\"center\">Sigamos colaborando con nuestro aporte econ\u00f3mico y personal para seguir creciendo.<\/p>\n<p>&nbsp;<\/p>\n<blockquote><p><strong>\u00a1La Escuela es de todos!<\/strong><\/p><\/blockquote>\n","protected":false},"excerpt":{"rendered":"<p>A\u00f1o tras a\u00f1o cientos de alumnos ven crecer su conocimiento debido a su inter\u00e9s personal y a las ense\u00f1anzas llevadas adelante por docentes y profesionales que junto a auxiliares e integrantes de cooperadora ponen pasi\u00f3n en este emprendimiento. Con tu ayuda la cooperadora administra y contribuye al equipamiento de lo que vos est\u00e1s usando. Sigamos<\/p>\n","protected":false},"author":1,"featured_media":0,"parent":0,"menu_order":0,"comment_status":"closed","ping_status":"closed","template":"","meta":{"footnotes":""},"class_list":["post-662","page","type-page","status-publish","hentry"],"_links":{"self":[{"href":"https:\/\/www.cmfp1.edu.ar\/index.php?rest_route=\/wp\/v2\/pages\/662","targetHints":{"allow":["GET"]}}],"collection":[{"href":"https:\/\/www.cmfp1.edu.ar\/index.php?rest_route=\/wp\/v2\/pages"}],"about":[{"href":"https:\/\/www.cmfp1.edu.ar\/index.php?rest_route=\/wp\/v2\/types\/page"}],"author":[{"embeddable":true,"href":"https:\/\/www.cmfp1.edu.ar\/index.php?rest_route=\/wp\/v2\/users\/1"}],"replies":[{"embeddable":true,"href":"https:\/\/www.cmfp1.edu.ar\/index.php?rest_route=%2Fwp%2Fv2%2Fcomments&post=662"}],"version-history":[{"count":1,"href":"https:\/\/www.cmfp1.edu.ar\/index.php?rest_route=\/wp\/v2\/pages\/662\/revisions"}],"predecessor-version":[{"id":663,"href":"https:\/\/www.cmfp1.edu.ar\/index.php?rest_route=\/wp\/v2\/pages\/662\/revisions\/663"}],"wp:attachment":[{"href":"https:\/\/www.cmfp1.edu.ar\/index.php?rest_route=%2Fwp%2Fv2%2Fmedia&parent=662"}],"curies":[{"name":"wp","href":"https:\/\/api.w.org\/{rel}","templated":true}]}}