{"id":667,"date":"2015-05-02T19:02:36","date_gmt":"2015-05-02T19:02:36","guid":{"rendered":"http:\/\/proyectoescuela.esy.es\/?page_id=667"},"modified":"2017-10-29T19:39:48","modified_gmt":"2017-10-29T19:39:48","slug":"biografia-de-ricardo-rojas","status":"publish","type":"page","link":"https:\/\/www.cmfp1.edu.ar\/?page_id=667","title":{"rendered":"BIOGRAF\u00cdA DE RICARDO ROJAS"},"content":{"rendered":"<p>Ricardo Rojas &#8211;\u00a0(Tucum\u00e1n, 1882 &#8211; Buenos Aires, 1957)<\/p>\n<p>Escritor argentino. Estudi\u00f3 en Santiago del Estero, cultiv\u00f3 el periodismo, fue profesor de Literatura castellana y rector de la Universidad de Buenos Aires (1926-1930). Premio Nacional de Literatura y hombre de ideas liberales y democr\u00e1ticas, conoci\u00f3 la persecuci\u00f3n pol\u00edtica, que le vali\u00f3 una etapa de confinamiento, y represent\u00f3 como embajador a su pa\u00eds en Per\u00fa (1955).<\/p>\n<p><strong><a href=\"http:\/\/proyectoescuela.esy.es\/wp-content\/uploads\/2017\/10\/RicardoRojas.jpg\"><img loading=\"lazy\" decoding=\"async\" class=\"alignleft size-full wp-image-668\" src=\"http:\/\/proyectoescuela.esy.es\/wp-content\/uploads\/2017\/10\/RicardoRojas.jpg\" alt=\"\" width=\"200\" height=\"244\" srcset=\"https:\/\/www.proyectoescuela.esy.es\/wp-content\/uploads\/2017\/10\/RicardoRojas.jpg 200w, https:\/\/www.proyectoescuela.esy.es\/wp-content\/uploads\/2017\/10\/RicardoRojas-768x936.jpg 768w\" sizes=\"auto, (max-width: 200px) 100vw, 200px\" \/><\/a>Ricardo Rojas<\/strong>\u00a0es uno de los m\u00e1s positivos valores literarios argentinos del siglo XIX.<\/p>\n<p>Su sentido nacional, sus dotes de investigador, su temperamento moderno y su alma de artista hicieron de \u00e9l un valor humano superior indudablemente al que se advierte a trav\u00e9s de su variada e importante obra. \u00c9l mismo nos dice que comenz\u00f3 a escribir versos a los trece a\u00f1os de edad: poeta de ecos rom\u00e1nticos que se incorpora pronto al modernismo, se le deben libros de poemas (La victoria del hombre, 1903;\u00a0Lises de blas\u00f3n, 1913, y la recopilaci\u00f3n de sus composiciones en\u00a0Poes\u00edas, 1923).<\/p>\n<p>Pero ya sus cuentos de\u00a0El pa\u00eds de la selva\u00a0(1907), sobre temas de su tierra natal, nos anuncian al poeta convertido en excelente prosista y narrador. Y esta elevaci\u00f3n la intensifica a trav\u00e9s de toda su obra, lo que se advierte esencialmente en la\u00a0Historia de la literatura argentina, en su tragedia en cuatro actos titulada\u00a0<em>Ollantay<\/em>\u00a0y en su biograf\u00eda novelada del general San Mart\u00edn:\u00a0<em>El santo de la espada.<\/em><\/p>\n","protected":false},"excerpt":{"rendered":"<p>Ricardo Rojas &#8211;\u00a0(Tucum\u00e1n, 1882 &#8211; Buenos Aires, 1957) Escritor argentino. Estudi\u00f3 en Santiago del Estero, cultiv\u00f3 el periodismo, fue profesor de Literatura castellana y rector de la Universidad de Buenos Aires (1926-1930). Premio Nacional de Literatura y hombre de ideas liberales y democr\u00e1ticas, conoci\u00f3 la persecuci\u00f3n pol\u00edtica, que le vali\u00f3 una etapa de confinamiento, y<\/p>\n","protected":false},"author":1,"featured_media":0,"parent":0,"menu_order":0,"comment_status":"closed","ping_status":"closed","template":"","meta":{"footnotes":""},"class_list":["post-667","page","type-page","status-publish","hentry"],"_links":{"self":[{"href":"https:\/\/www.cmfp1.edu.ar\/index.php?rest_route=\/wp\/v2\/pages\/667","targetHints":{"allow":["GET"]}}],"collection":[{"href":"https:\/\/www.cmfp1.edu.ar\/index.php?rest_route=\/wp\/v2\/pages"}],"about":[{"href":"https:\/\/www.cmfp1.edu.ar\/index.php?rest_route=\/wp\/v2\/types\/page"}],"author":[{"embeddable":true,"href":"https:\/\/www.cmfp1.edu.ar\/index.php?rest_route=\/wp\/v2\/users\/1"}],"replies":[{"embeddable":true,"href":"https:\/\/www.cmfp1.edu.ar\/index.php?rest_route=%2Fwp%2Fv2%2Fcomments&post=667"}],"version-history":[{"count":1,"href":"https:\/\/www.cmfp1.edu.ar\/index.php?rest_route=\/wp\/v2\/pages\/667\/revisions"}],"predecessor-version":[{"id":669,"href":"https:\/\/www.cmfp1.edu.ar\/index.php?rest_route=\/wp\/v2\/pages\/667\/revisions\/669"}],"wp:attachment":[{"href":"https:\/\/www.cmfp1.edu.ar\/index.php?rest_route=%2Fwp%2Fv2%2Fmedia&parent=667"}],"curies":[{"name":"wp","href":"https:\/\/api.w.org\/{rel}","templated":true}]}}