{"id":672,"date":"2015-05-02T19:07:09","date_gmt":"2015-05-02T19:07:09","guid":{"rendered":"http:\/\/proyectoescuela.esy.es\/?page_id=672"},"modified":"2019-10-01T00:11:11","modified_gmt":"2019-10-01T00:11:11","slug":"galeria-fotografica-del-recuerdo","status":"publish","type":"page","link":"https:\/\/www.cmfp1.edu.ar\/?page_id=672","title":{"rendered":"GALER\u00cdA FOTOGR\u00c1FICA DEL RECUERDO"},"content":{"rendered":"<p><strong>La siguiente galer\u00eda, atesora aquellas fotograf\u00edas que fueron preservadas en el tiempo y que son testigos implacables de la historia de la escuela que data m\u00e1s de seis d\u00e9cadas.<\/strong><\/p>\n<p>[huge_it_gallery id=\u00bb10&#8243;]<\/p>\n<p>&nbsp;<\/p>\n<p>&nbsp;<\/p>\n<p>&nbsp;<\/p>\n","protected":false},"excerpt":{"rendered":"<p>La siguiente galer\u00eda, atesora aquellas fotograf\u00edas que fueron preservadas en el tiempo y que son testigos implacables de la historia de la escuela que data m\u00e1s de seis d\u00e9cadas. [huge_it_gallery id=\u00bb10&#8243;] &nbsp; &nbsp; &nbsp;<\/p>\n","protected":false},"author":1,"featured_media":0,"parent":0,"menu_order":0,"comment_status":"closed","ping_status":"closed","template":"","meta":{"footnotes":""},"class_list":["post-672","page","type-page","status-publish","hentry"],"_links":{"self":[{"href":"https:\/\/www.cmfp1.edu.ar\/index.php?rest_route=\/wp\/v2\/pages\/672","targetHints":{"allow":["GET"]}}],"collection":[{"href":"https:\/\/www.cmfp1.edu.ar\/index.php?rest_route=\/wp\/v2\/pages"}],"about":[{"href":"https:\/\/www.cmfp1.edu.ar\/index.php?rest_route=\/wp\/v2\/types\/page"}],"author":[{"embeddable":true,"href":"https:\/\/www.cmfp1.edu.ar\/index.php?rest_route=\/wp\/v2\/users\/1"}],"replies":[{"embeddable":true,"href":"https:\/\/www.cmfp1.edu.ar\/index.php?rest_route=%2Fwp%2Fv2%2Fcomments&post=672"}],"version-history":[{"count":4,"href":"https:\/\/www.cmfp1.edu.ar\/index.php?rest_route=\/wp\/v2\/pages\/672\/revisions"}],"predecessor-version":[{"id":1085,"href":"https:\/\/www.cmfp1.edu.ar\/index.php?rest_route=\/wp\/v2\/pages\/672\/revisions\/1085"}],"wp:attachment":[{"href":"https:\/\/www.cmfp1.edu.ar\/index.php?rest_route=%2Fwp%2Fv2%2Fmedia&parent=672"}],"curies":[{"name":"wp","href":"https:\/\/api.w.org\/{rel}","templated":true}]}}