{"id":69,"date":"2015-06-08T03:05:25","date_gmt":"2015-06-08T03:05:25","guid":{"rendered":"http:\/\/proyectoescuela.esy.es\/?page_id=69"},"modified":"2023-03-22T00:09:01","modified_gmt":"2023-03-22T00:09:01","slug":"construccion-en-seco","status":"publish","type":"page","link":"https:\/\/www.cmfp1.edu.ar\/?page_id=69","title":{"rendered":"ARMADOR Y MONTADOR DE PANELES Y CIELORRASOS DE PLACAS DE ROCA DE YESO"},"content":{"rendered":"<p><strong>Duraci\u00f3n:<\/strong><\/p>\n<p>1 Cuatrimestre<\/p>\n<p><strong>Contenidos<\/strong><\/p>\n<ul>\n<li>Tecnolog\u00eda de las construcciones. Armado y Montaje de paneles y cielorrasos de placa de roca de yeso.<\/li>\n<\/ul>\n<p><strong>Requisitos especiales:<\/strong><\/p>\n<ul>\n<li>Estudios Primarios Completos<\/li>\n<\/ul>\n<p><strong>Recomendaciones:<\/strong><\/p>\n<ul>\n<li>Ninguno<\/li>\n<\/ul>\n<p><strong>D\u00edas y horarios a Cursar:<\/strong><\/p>\n<ul>\n<li>Martes, mi\u00e9rcoles, jueves 18:00 a 22:10<\/li>\n<\/ul>\n<p><strong>Certificaci\u00f3n otorgada<\/strong><\/p>\n<ul>\n<li>Capacitaci\u00f3n en Sistemas\u00a0Constructivos en seco &#8211; Certificaci\u00f3n Municipal<\/li>\n<\/ul>\n","protected":false},"excerpt":{"rendered":"<p>Duraci\u00f3n: 1 Cuatrimestre Contenidos Tecnolog\u00eda de las construcciones. Armado y Montaje de paneles y cielorrasos de placa de roca de yeso. Requisitos especiales: Estudios Primarios Completos Recomendaciones: Ninguno D\u00edas y horarios a Cursar: Martes, mi\u00e9rcoles, jueves 18:00 a 22:10 Certificaci\u00f3n otorgada Capacitaci\u00f3n en Sistemas\u00a0Constructivos en seco &#8211; Certificaci\u00f3n Municipal<\/p>\n","protected":false},"author":1,"featured_media":0,"parent":0,"menu_order":0,"comment_status":"closed","ping_status":"closed","template":"","meta":{"footnotes":""},"class_list":["post-69","page","type-page","status-publish","hentry"],"_links":{"self":[{"href":"https:\/\/www.cmfp1.edu.ar\/index.php?rest_route=\/wp\/v2\/pages\/69","targetHints":{"allow":["GET"]}}],"collection":[{"href":"https:\/\/www.cmfp1.edu.ar\/index.php?rest_route=\/wp\/v2\/pages"}],"about":[{"href":"https:\/\/www.cmfp1.edu.ar\/index.php?rest_route=\/wp\/v2\/types\/page"}],"author":[{"embeddable":true,"href":"https:\/\/www.cmfp1.edu.ar\/index.php?rest_route=\/wp\/v2\/users\/1"}],"replies":[{"embeddable":true,"href":"https:\/\/www.cmfp1.edu.ar\/index.php?rest_route=%2Fwp%2Fv2%2Fcomments&post=69"}],"version-history":[{"count":8,"href":"https:\/\/www.cmfp1.edu.ar\/index.php?rest_route=\/wp\/v2\/pages\/69\/revisions"}],"predecessor-version":[{"id":1472,"href":"https:\/\/www.cmfp1.edu.ar\/index.php?rest_route=\/wp\/v2\/pages\/69\/revisions\/1472"}],"wp:attachment":[{"href":"https:\/\/www.cmfp1.edu.ar\/index.php?rest_route=%2Fwp%2Fv2%2Fmedia&parent=69"}],"curies":[{"name":"wp","href":"https:\/\/api.w.org\/{rel}","templated":true}]}}