{"id":7,"date":"2015-05-08T02:48:54","date_gmt":"2015-05-08T02:48:54","guid":{"rendered":"http:\/\/proyectoescuela.esy.es\/?page_id=7"},"modified":"2021-11-08T02:44:54","modified_gmt":"2021-11-08T02:44:54","slug":"autoridades","status":"publish","type":"page","link":"https:\/\/www.cmfp1.edu.ar\/?page_id=7","title":{"rendered":"AUTORIDADES"},"content":{"rendered":"<p>&nbsp;<\/p>\n<p>&nbsp;<\/p>\n<p style=\"text-align: center;\"><span style=\"font-size: 14pt;\">Directora<\/span><\/p>\n<p style=\"text-align: center;\"><span style=\"font-size: 14pt;\"><em>Mar\u00eda Ver\u00f3nica L\u00f3pez Garrido<\/em><\/span><\/p>\n<p>&nbsp;<\/p>\n<p style=\"text-align: center;\"><span style=\"font-size: 14pt;\">Vicedirectora<\/span><\/p>\n<p style=\"text-align: center;\"><span style=\"font-size: 14pt;\"><em>Silvia D&#8217;Argento<\/em><\/span><\/p>\n<p>&nbsp;<\/p>\n<p>&nbsp;<\/p>\n<p><a href=\"http:\/\/proyectoescuela.esy.es\/wp-content\/uploads\/2015\/05\/Oaulo-Freire-Nadie-educa-a-nadie.jpeg\"><img loading=\"lazy\" decoding=\"async\" class=\"aligncenter wp-image-818 size-full\" src=\"http:\/\/proyectoescuela.esy.es\/wp-content\/uploads\/2015\/05\/Oaulo-Freire-Nadie-educa-a-nadie.jpeg\" alt=\"\" width=\"525\" height=\"287\" srcset=\"https:\/\/www.proyectoescuela.esy.es\/wp-content\/uploads\/2015\/05\/Oaulo-Freire-Nadie-educa-a-nadie.jpeg 525w, https:\/\/www.proyectoescuela.esy.es\/wp-content\/uploads\/2015\/05\/Oaulo-Freire-Nadie-educa-a-nadie-768x419.jpeg 768w\" sizes=\"auto, (max-width: 525px) 100vw, 525px\" \/><\/a><\/p>\n<p>&nbsp;<\/p>\n<p>&nbsp;<\/p>\n","protected":false},"excerpt":{"rendered":"<p>&nbsp; &nbsp; Directora Mar\u00eda Ver\u00f3nica L\u00f3pez Garrido &nbsp; Vicedirectora Silvia D&#8217;Argento &nbsp; &nbsp; &nbsp; &nbsp;<\/p>\n","protected":false},"author":1,"featured_media":0,"parent":0,"menu_order":0,"comment_status":"closed","ping_status":"closed","template":"","meta":{"footnotes":""},"class_list":["post-7","page","type-page","status-publish","hentry"],"_links":{"self":[{"href":"https:\/\/www.cmfp1.edu.ar\/index.php?rest_route=\/wp\/v2\/pages\/7","targetHints":{"allow":["GET"]}}],"collection":[{"href":"https:\/\/www.cmfp1.edu.ar\/index.php?rest_route=\/wp\/v2\/pages"}],"about":[{"href":"https:\/\/www.cmfp1.edu.ar\/index.php?rest_route=\/wp\/v2\/types\/page"}],"author":[{"embeddable":true,"href":"https:\/\/www.cmfp1.edu.ar\/index.php?rest_route=\/wp\/v2\/users\/1"}],"replies":[{"embeddable":true,"href":"https:\/\/www.cmfp1.edu.ar\/index.php?rest_route=%2Fwp%2Fv2%2Fcomments&post=7"}],"version-history":[{"count":12,"href":"https:\/\/www.cmfp1.edu.ar\/index.php?rest_route=\/wp\/v2\/pages\/7\/revisions"}],"predecessor-version":[{"id":1368,"href":"https:\/\/www.cmfp1.edu.ar\/index.php?rest_route=\/wp\/v2\/pages\/7\/revisions\/1368"}],"wp:attachment":[{"href":"https:\/\/www.cmfp1.edu.ar\/index.php?rest_route=%2Fwp%2Fv2%2Fmedia&parent=7"}],"curies":[{"name":"wp","href":"https:\/\/api.w.org\/{rel}","templated":true}]}}