{"id":831,"date":"2018-02-05T04:25:13","date_gmt":"2018-02-05T04:25:13","guid":{"rendered":"http:\/\/www.cmfp1.edu.ar\/?page_id=831"},"modified":"2023-03-21T23:48:55","modified_gmt":"2023-03-21T23:48:55","slug":"instalacion-de-sistemas-de-energia-solar","status":"publish","type":"page","link":"https:\/\/www.cmfp1.edu.ar\/?page_id=831","title":{"rendered":"INSTALADOR DE SISTEMAS EL\u00c9CTRICOS DE ENERG\u00cdA RENOVABLES"},"content":{"rendered":"<p><strong>Duraci\u00f3n:<\/strong><\/p>\n<ul>\n<li>1 a\u00f1o.<\/li>\n<\/ul>\n<p><strong>Contenidos:<\/strong><\/p>\n<p>M\u00f3dulos:<\/p>\n<ul>\n<li>Circuitos el\u00e9ctricos y mediciones.<\/li>\n<li>Orientaci\u00f3n profesional.<\/li>\n<li>Representaci\u00f3n gr\u00e1fica.<\/li>\n<li>Montaje de instalaciones el\u00e9ctricas.<\/li>\n<li>Instalaciones de Sistemas El\u00e9ctricos de Energ\u00edas Renovables.<\/li>\n<li style=\"text-align: left;\"><span style=\"font-size: 12pt;\">Curso anual.<\/span><\/li>\n<\/ul>\n<p style=\"text-align: left;\"><span style=\"font-size: 12pt;\"><strong>D\u00edas de cursado:<\/strong><\/span><\/p>\n<ul>\n<li style=\"text-align: left;\">Martes, jueves y viernes 18:00 a 22:10 hs<\/li>\n<\/ul>\n<p><strong>Requisito previo:<\/strong><\/p>\n<ul>\n<li>Secundario completo.<\/li>\n<\/ul>\n<p>Ver el Dise\u00f1o Curricular <a href=\"http:\/\/proyectoescuela.esy.es\/wp-content\/uploads\/2021\/07\/ENERG\u00cdA-RENOVABLE.pdf\" target=\"_blank\" rel=\"noopener\">Click aqu\u00ed.<\/a><\/p>\n","protected":false},"excerpt":{"rendered":"<p>Duraci\u00f3n: 1 a\u00f1o. Contenidos: M\u00f3dulos: Circuitos el\u00e9ctricos y mediciones. Orientaci\u00f3n profesional. Representaci\u00f3n gr\u00e1fica. Montaje de instalaciones el\u00e9ctricas. Instalaciones de Sistemas El\u00e9ctricos de Energ\u00edas Renovables. Curso anual. D\u00edas de cursado: Martes, jueves y viernes 18:00 a 22:10 hs Requisito previo: Secundario completo. Ver el Dise\u00f1o Curricular Click aqu\u00ed.<\/p>\n","protected":false},"author":1,"featured_media":0,"parent":0,"menu_order":0,"comment_status":"closed","ping_status":"closed","template":"","meta":{"footnotes":""},"class_list":["post-831","page","type-page","status-publish","hentry"],"_links":{"self":[{"href":"https:\/\/www.cmfp1.edu.ar\/index.php?rest_route=\/wp\/v2\/pages\/831","targetHints":{"allow":["GET"]}}],"collection":[{"href":"https:\/\/www.cmfp1.edu.ar\/index.php?rest_route=\/wp\/v2\/pages"}],"about":[{"href":"https:\/\/www.cmfp1.edu.ar\/index.php?rest_route=\/wp\/v2\/types\/page"}],"author":[{"embeddable":true,"href":"https:\/\/www.cmfp1.edu.ar\/index.php?rest_route=\/wp\/v2\/users\/1"}],"replies":[{"embeddable":true,"href":"https:\/\/www.cmfp1.edu.ar\/index.php?rest_route=%2Fwp%2Fv2%2Fcomments&post=831"}],"version-history":[{"count":13,"href":"https:\/\/www.cmfp1.edu.ar\/index.php?rest_route=\/wp\/v2\/pages\/831\/revisions"}],"predecessor-version":[{"id":1454,"href":"https:\/\/www.cmfp1.edu.ar\/index.php?rest_route=\/wp\/v2\/pages\/831\/revisions\/1454"}],"wp:attachment":[{"href":"https:\/\/www.cmfp1.edu.ar\/index.php?rest_route=%2Fwp%2Fv2%2Fmedia&parent=831"}],"curies":[{"name":"wp","href":"https:\/\/api.w.org\/{rel}","templated":true}]}}